{"id":984,"date":"2023-05-23T15:26:56","date_gmt":"2023-05-23T15:26:56","guid":{"rendered":"https:\/\/codexbcn.com\/\/politica-de-privacidad\/"},"modified":"2023-07-04T08:20:51","modified_gmt":"2023-07-04T08:20:51","slug":"politica-de-privacidad","status":"publish","type":"page","link":"https:\/\/codexbcn.com\/es\/politica-de-privacidad\/","title":{"rendered":"Pol\u00edtica de Privacidad"},"content":{"rendered":"\n<p>1. Recopilamos y procesamos datos personales de acuerdo con las leyes de protecci\u00f3n de datos aplicables.<\/p>\n\n<p>2. Utilizamos los datos personales recopilados s\u00f3lo para los fines espec\u00edficos indicados.<\/p>\n\n<p>3. Mantenemos medidas de seguridad para proteger los datos personales contra acceso no autorizado o divulgaci\u00f3n.<\/p>\n\n<p>4. No compartimos los datos personales con terceros, salvo que sea necesario para cumplir con los fines indicados o requerido por la ley.<\/p>\n\n<p>5. Los usuarios tienen derechos para acceder, corregir o eliminar los datos personales seg\u00fan corresponda.<\/p>\n","protected":false},"excerpt":{"rendered":"<p>1. Recopilamos y procesamos datos personales de acuerdo con las leyes de protecci\u00f3n de datos aplicables. 2. Utilizamos los datos personales recopilados s\u00f3lo para los fines espec\u00edficos indicados. 3. Mantenemos medidas de seguridad para proteger los datos personales contra acceso no autorizado o divulgaci\u00f3n. 4. No compartimos los datos personales con terceros, salvo que sea [&hellip;]<\/p>\n","protected":false},"author":1,"featured_media":0,"parent":0,"menu_order":0,"comment_status":"closed","ping_status":"open","template":"","meta":{"footnotes":""},"class_list":["post-984","page","type-page","status-publish","hentry"],"acf":[],"yoast_head":"<!-- This site is optimized with the Yoast SEO plugin v20.11 - https:\/\/yoast.com\/wordpress\/plugins\/seo\/ -->\n<title>Pol\u00edtica de Privacidad Barcelona- Codex Barcelona Advocats<\/title>\n<meta name=\"robots\" content=\"index, follow, max-snippet:-1, max-image-preview:large, max-video-preview:-1\" \/>\n<link rel=\"canonical\" href=\"https:\/\/codexbcn.com\/es\/politica-de-privacidad\/\" \/>\n<meta property=\"og:locale\" content=\"es_ES\" \/>\n<meta property=\"og:type\" content=\"article\" \/>\n<meta property=\"og:title\" content=\"Pol\u00edtica de Privacidad Barcelona- Codex Barcelona Advocats\" \/>\n<meta property=\"og:description\" content=\"1. Recopilamos y procesamos datos personales de acuerdo con las leyes de protecci\u00f3n de datos aplicables. 2. Utilizamos los datos personales recopilados s\u00f3lo para los fines espec\u00edficos indicados. 3. Mantenemos medidas de seguridad para proteger los datos personales contra acceso no autorizado o divulgaci\u00f3n. 4. No compartimos los datos personales con terceros, salvo que sea [&hellip;]\" \/>\n<meta property=\"og:url\" content=\"https:\/\/codexbcn.com\/es\/politica-de-privacidad\/\" \/>\n<meta property=\"og:site_name\" content=\"Codex Barcelona Advocats\" \/>\n<meta property=\"article:modified_time\" content=\"2023-07-04T08:20:51+00:00\" \/>\n<meta name=\"twitter:card\" content=\"summary_large_image\" \/>\n<script type=\"application\/ld+json\" class=\"yoast-schema-graph\">{\"@context\":\"https:\/\/schema.org\",\"@graph\":[{\"@type\":\"WebPage\",\"@id\":\"https:\/\/codexbcn.com\/es\/politica-de-privacidad\/\",\"url\":\"https:\/\/codexbcn.com\/es\/politica-de-privacidad\/\",\"name\":\"Pol\u00edtica de Privacidad Barcelona- Codex Barcelona Advocats\",\"isPartOf\":{\"@id\":\"https:\/\/codexbcn.com\/#website\"},\"datePublished\":\"2023-05-23T15:26:56+00:00\",\"dateModified\":\"2023-07-04T08:20:51+00:00\",\"breadcrumb\":{\"@id\":\"https:\/\/codexbcn.com\/es\/politica-de-privacidad\/#breadcrumb\"},\"inLanguage\":\"es\",\"potentialAction\":[{\"@type\":\"ReadAction\",\"target\":[\"https:\/\/codexbcn.com\/es\/politica-de-privacidad\/\"]}]},{\"@type\":\"BreadcrumbList\",\"@id\":\"https:\/\/codexbcn.com\/es\/politica-de-privacidad\/#breadcrumb\",\"itemListElement\":[{\"@type\":\"ListItem\",\"position\":1,\"name\":\"Inici\",\"item\":\"https:\/\/codexbcn.com\/\"},{\"@type\":\"ListItem\",\"position\":2,\"name\":\"Pol\u00edtica de Privacidad\"}]},{\"@type\":\"WebSite\",\"@id\":\"https:\/\/codexbcn.com\/#website\",\"url\":\"https:\/\/codexbcn.com\/\",\"name\":\"Codex Barcelona advocats\",\"description\":\"\",\"publisher\":{\"@id\":\"https:\/\/codexbcn.com\/#organization\"},\"alternateName\":\"Codex BCN\",\"potentialAction\":[{\"@type\":\"SearchAction\",\"target\":{\"@type\":\"EntryPoint\",\"urlTemplate\":\"https:\/\/codexbcn.com\/?s={search_term_string}\"},\"query-input\":\"required name=search_term_string\"}],\"inLanguage\":\"es\"},{\"@type\":\"Organization\",\"@id\":\"https:\/\/codexbcn.com\/#organization\",\"name\":\"Codex BCN advocats\",\"url\":\"https:\/\/codexbcn.com\/\",\"logo\":{\"@type\":\"ImageObject\",\"inLanguage\":\"es\",\"@id\":\"https:\/\/codexbcn.com\/#\/schema\/logo\/image\/\",\"url\":\"https:\/\/codexbcn.com\/wp-content\/uploads\/2023\/05\/logo-codex.png\",\"contentUrl\":\"https:\/\/codexbcn.com\/wp-content\/uploads\/2023\/05\/logo-codex.png\",\"width\":162,\"height\":51,\"caption\":\"Codex BCN advocats\"},\"image\":{\"@id\":\"https:\/\/codexbcn.com\/#\/schema\/logo\/image\/\"}}]}<\/script>\n<!-- \/ Yoast SEO plugin. -->","yoast_head_json":{"title":"Pol\u00edtica de Privacidad Barcelona- Codex Barcelona Advocats","robots":{"index":"index","follow":"follow","max-snippet":"max-snippet:-1","max-image-preview":"max-image-preview:large","max-video-preview":"max-video-preview:-1"},"canonical":"https:\/\/codexbcn.com\/es\/politica-de-privacidad\/","og_locale":"es_ES","og_type":"article","og_title":"Pol\u00edtica de Privacidad Barcelona- Codex Barcelona Advocats","og_description":"1. Recopilamos y procesamos datos personales de acuerdo con las leyes de protecci\u00f3n de datos aplicables. 2. Utilizamos los datos personales recopilados s\u00f3lo para los fines espec\u00edficos indicados. 3. Mantenemos medidas de seguridad para proteger los datos personales contra acceso no autorizado o divulgaci\u00f3n. 4. No compartimos los datos personales con terceros, salvo que sea [&hellip;]","og_url":"https:\/\/codexbcn.com\/es\/politica-de-privacidad\/","og_site_name":"Codex Barcelona Advocats","article_modified_time":"2023-07-04T08:20:51+00:00","twitter_card":"summary_large_image","schema":{"@context":"https:\/\/schema.org","@graph":[{"@type":"WebPage","@id":"https:\/\/codexbcn.com\/es\/politica-de-privacidad\/","url":"https:\/\/codexbcn.com\/es\/politica-de-privacidad\/","name":"Pol\u00edtica de Privacidad Barcelona- Codex Barcelona Advocats","isPartOf":{"@id":"https:\/\/codexbcn.com\/#website"},"datePublished":"2023-05-23T15:26:56+00:00","dateModified":"2023-07-04T08:20:51+00:00","breadcrumb":{"@id":"https:\/\/codexbcn.com\/es\/politica-de-privacidad\/#breadcrumb"},"inLanguage":"es","potentialAction":[{"@type":"ReadAction","target":["https:\/\/codexbcn.com\/es\/politica-de-privacidad\/"]}]},{"@type":"BreadcrumbList","@id":"https:\/\/codexbcn.com\/es\/politica-de-privacidad\/#breadcrumb","itemListElement":[{"@type":"ListItem","position":1,"name":"Inici","item":"https:\/\/codexbcn.com\/"},{"@type":"ListItem","position":2,"name":"Pol\u00edtica de Privacidad"}]},{"@type":"WebSite","@id":"https:\/\/codexbcn.com\/#website","url":"https:\/\/codexbcn.com\/","name":"Codex Barcelona advocats","description":"","publisher":{"@id":"https:\/\/codexbcn.com\/#organization"},"alternateName":"Codex BCN","potentialAction":[{"@type":"SearchAction","target":{"@type":"EntryPoint","urlTemplate":"https:\/\/codexbcn.com\/?s={search_term_string}"},"query-input":"required name=search_term_string"}],"inLanguage":"es"},{"@type":"Organization","@id":"https:\/\/codexbcn.com\/#organization","name":"Codex BCN advocats","url":"https:\/\/codexbcn.com\/","logo":{"@type":"ImageObject","inLanguage":"es","@id":"https:\/\/codexbcn.com\/#\/schema\/logo\/image\/","url":"https:\/\/codexbcn.com\/wp-content\/uploads\/2023\/05\/logo-codex.png","contentUrl":"https:\/\/codexbcn.com\/wp-content\/uploads\/2023\/05\/logo-codex.png","width":162,"height":51,"caption":"Codex BCN advocats"},"image":{"@id":"https:\/\/codexbcn.com\/#\/schema\/logo\/image\/"}}]}},"_links":{"self":[{"href":"https:\/\/codexbcn.com\/es\/wp-json\/wp\/v2\/pages\/984","targetHints":{"allow":["GET"]}}],"collection":[{"href":"https:\/\/codexbcn.com\/es\/wp-json\/wp\/v2\/pages"}],"about":[{"href":"https:\/\/codexbcn.com\/es\/wp-json\/wp\/v2\/types\/page"}],"author":[{"embeddable":true,"href":"https:\/\/codexbcn.com\/es\/wp-json\/wp\/v2\/users\/1"}],"replies":[{"embeddable":true,"href":"https:\/\/codexbcn.com\/es\/wp-json\/wp\/v2\/comments?post=984"}],"version-history":[{"count":1,"href":"https:\/\/codexbcn.com\/es\/wp-json\/wp\/v2\/pages\/984\/revisions"}],"predecessor-version":[{"id":985,"href":"https:\/\/codexbcn.com\/es\/wp-json\/wp\/v2\/pages\/984\/revisions\/985"}],"wp:attachment":[{"href":"https:\/\/codexbcn.com\/es\/wp-json\/wp\/v2\/media?parent=984"}],"curies":[{"name":"wp","href":"https:\/\/api.w.org\/{rel}","templated":true}]}}